{"id":2377,"date":"2017-04-18T03:08:03","date_gmt":"2017-04-18T03:08:03","guid":{"rendered":"http:\/\/demo.arrowpress.net\/modus-sample\/?page_id=22"},"modified":"2022-10-11T14:54:57","modified_gmt":"2022-10-11T12:54:57","slug":"overons","status":"publish","type":"page","link":"https:\/\/atelierartim.nl\/en\/overons\/","title":{"rendered":"Over ons"},"content":{"rendered":"<div class=\"vc_row wpb_row vc_row-fluid padding-bottom-60\"><div class=\"wpb_column vc_column_container vc_col-sm-6\"><div class=\"vc_column-inner\"><div class=\"wpb_wrapper\">\r\n    <div class=\"modus-headingtitle  default md sfc wow fadeInUp\" data-wow-duration=\"300ms\" data-wow-delay=\"100ms\">\r\n        <div class=\"shortcode-title wpb_bottom-to-top text-center\">\r\n                                                <h2>\r\n                        WAT WE DOEN                                            <\/h2>\r\n                                                                        <\/div>\r\n    <\/div>\r\n    \n\t<div  class=\"wpb_single_image wpb_content_element vc_align_center  wpb_animate_when_almost_visible wpb_fadeIn fadeIn\">\n\t\t\n\t\t<figure class=\"wpb_wrapper vc_figure\">\n\t\t\t<div class=\"vc_single_image-wrapper   vc_box_border_grey\"><img loading=\"lazy\" decoding=\"async\" width=\"300\" height=\"169\" src=\"https:\/\/atelierartim.nl\/wp-content\/uploads\/2022\/10\/267f9245-7a08-4820-bbb4-39a7e2ef4c06-2-300x169.jpg\" class=\"vc_single_image-img attachment-medium\" alt=\"Uitbouw\" srcset=\"https:\/\/atelierartim.nl\/wp-content\/uploads\/2022\/10\/267f9245-7a08-4820-bbb4-39a7e2ef4c06-2-300x169.jpg 300w, https:\/\/atelierartim.nl\/wp-content\/uploads\/2022\/10\/267f9245-7a08-4820-bbb4-39a7e2ef4c06-2-600x337.jpg 600w, https:\/\/atelierartim.nl\/wp-content\/uploads\/2022\/10\/267f9245-7a08-4820-bbb4-39a7e2ef4c06-2-1024x576.jpg 1024w, https:\/\/atelierartim.nl\/wp-content\/uploads\/2022\/10\/267f9245-7a08-4820-bbb4-39a7e2ef4c06-2-768x432.jpg 768w, https:\/\/atelierartim.nl\/wp-content\/uploads\/2022\/10\/267f9245-7a08-4820-bbb4-39a7e2ef4c06-2-1536x864.jpg 1536w, https:\/\/atelierartim.nl\/wp-content\/uploads\/2022\/10\/267f9245-7a08-4820-bbb4-39a7e2ef4c06-2-16x9.jpg 16w, https:\/\/atelierartim.nl\/wp-content\/uploads\/2022\/10\/267f9245-7a08-4820-bbb4-39a7e2ef4c06-2.jpg 1599w\" sizes=\"auto, (max-width: 300px) 100vw, 300px\" \/><\/div>\n\t\t<\/figure>\n\t<\/div>\n<\/div><\/div><\/div><div class=\"wpb_column vc_column_container vc_col-sm-6\"><div class=\"vc_column-inner\"><div class=\"wpb_wrapper\"><div class=\"ult-spacer spacer-69e47b6aa7357\" data-id=\"69e47b6aa7357\" data-height=\"35\" data-height-mobile=\"25\" data-height-tab=\"\" data-height-tab-portrait=\"\" data-height-mobile-landscape=\"0\" style=\"clear:both;display:block;\"><\/div>\r\n    <div class=\"modus-headingtitle  default md sfc wow fadeInUp\" data-wow-duration=\"300ms\" data-wow-delay=\"100ms\">\r\n        <div class=\"shortcode-title wpb_bottom-to-top text-left\">\r\n                                                                                <div class=\"txt-heading\">\r\n                        <p>Atelier Artim | Eco Bouw staat voor de nieuwe manier van (ver)bouwen; duurzaam, groen, en toekomstgericht. Modern comfort met een groene footprint. Ecologisch en biobased.<\/p>\n<p>Wij zijn gespecialiseerd in duurzame maatwerk bouwprojecten en maken gebruik van gerecyclede en natuurlijke bouwmaterialen; voor een minimale milieubelasting. Wij nemen de klimaatverandering serieus, en innoveren samen met onze gecertificeerde leveranciers voor een duurzame implementatie in de bouw. We zijn volop in ontwikkeling, nieuwe oplossingen verschijnen elke dag. Ecologisch bouwen en wonen is de toekomst.<\/p>\n                    <\/div>\r\n                                        <\/div>\r\n    <\/div>\r\n    <\/div><\/div><\/div><\/div><div data-vc-full-width=\"true\" data-vc-full-width-init=\"false\" class=\"vc_row wpb_row vc_row-fluid padding-top-60 padding-bottom-60 vc_custom_1496798609258 vc_row-has-fill\"><div class=\"wpb_column vc_column_container vc_col-sm-6\"><div class=\"vc_column-inner\"><div class=\"wpb_wrapper\">\r\n    <div class=\"modus-headingtitle  default md sfc wow fadeInUp\" data-wow-duration=\"300ms\" data-wow-delay=\"100ms\">\r\n        <div class=\"shortcode-title wpb_bottom-to-top text-left\">\r\n                                                <h2>\r\n                        <a>DUURZAAMHEID VOOR IEDEREEN<\/a>                                            <\/h2>\r\n                                                                        <\/div>\r\n    <\/div>\r\n    \n\t<div class=\"wpb_text_column wpb_content_element  vc_custom_1665489125972 block_about\" >\n\t\t<div class=\"wpb_wrapper\">\n\t\t\t<p>Wij zijn ervan overtuigd dat duurzaamheid geen niche is; het is voor iedereen en voor ieder project. Wij vertalen de wensen van de klant in duurzame en energiezuinige keuzes. Van verbouwing, renovatie, aan- en uitbouw (houtskelet), natuurlijke isolatie, tot custom houten kozijnen, interieur, warmtepomp, circulaire water oplossingen, gezond binnenklimaat en groene daken.<\/p>\n\n\t\t<\/div>\n\t<\/div>\n<\/div><\/div><\/div><div class=\"wpb_column vc_column_container vc_col-sm-6\"><div class=\"vc_column-inner\"><div class=\"wpb_wrapper\"><div class=\"ult-spacer spacer-69e47b6aa8b21\" data-id=\"69e47b6aa8b21\" data-height=\"35\" data-height-mobile=\"35\" data-height-tab=\"35\" data-height-tab-portrait=\"\" data-height-mobile-landscape=\"25\" style=\"clear:both;display:block;\"><\/div>\n\t<div  class=\"wpb_single_image wpb_content_element vc_align_center  wpb_animate_when_almost_visible wpb_fadeIn fadeIn\">\n\t\t\n\t\t<figure class=\"wpb_wrapper vc_figure\">\n\t\t\t<div class=\"vc_single_image-wrapper   vc_box_border_grey\"><img loading=\"lazy\" decoding=\"async\" width=\"300\" height=\"259\" src=\"https:\/\/atelierartim.nl\/wp-content\/uploads\/2022\/10\/Houtskelet-aanbouw-Atelier-Artim-Eco-Bouw-300x259.png\" class=\"vc_single_image-img attachment-medium\" alt=\"\" srcset=\"https:\/\/atelierartim.nl\/wp-content\/uploads\/2022\/10\/Houtskelet-aanbouw-Atelier-Artim-Eco-Bouw-300x259.png 300w, https:\/\/atelierartim.nl\/wp-content\/uploads\/2022\/10\/Houtskelet-aanbouw-Atelier-Artim-Eco-Bouw-600x519.png 600w, https:\/\/atelierartim.nl\/wp-content\/uploads\/2022\/10\/Houtskelet-aanbouw-Atelier-Artim-Eco-Bouw-14x12.png 14w, https:\/\/atelierartim.nl\/wp-content\/uploads\/2022\/10\/Houtskelet-aanbouw-Atelier-Artim-Eco-Bouw.png 700w\" sizes=\"auto, (max-width: 300px) 100vw, 300px\" \/><\/div>\n\t\t<\/figure>\n\t<\/div>\n<\/div><\/div><\/div><\/div><div class=\"vc_row-full-width vc_clearfix\"><\/div><div class=\"vc_row wpb_row vc_row-fluid\"><div class=\"wpb_column vc_column_container vc_col-sm-6\"><div class=\"vc_column-inner\"><div class=\"wpb_wrapper\"><div class=\"ult-spacer spacer-69e47b6aa9142\" data-id=\"69e47b6aa9142\" data-height=\"35\" data-height-mobile=\"35\" data-height-tab=\"35\" data-height-tab-portrait=\"\" data-height-mobile-landscape=\"25\" style=\"clear:both;display:block;\"><\/div>\r\n    <div class=\"modus-headingtitle  default md sfc wow fadeInUp\" data-wow-duration=\"300ms\" data-wow-delay=\"100ms\">\r\n        <div class=\"shortcode-title wpb_bottom-to-top text-right\">\r\n                                                <h2>\r\n                        HOE ONTSTAAN                                            <\/h2>\r\n                                                                        <\/div>\r\n    <\/div>\r\n    \n\t<div class=\"wpb_text_column wpb_content_element  vc_custom_1665491892528 block_about\" >\n\t\t<div class=\"wpb_wrapper\">\n\t\t\t<p>Atelier Artim | Eco Bouw is opgericht door Yal\u00e7\u0131n Art\u0131m. Geboren in Istanbul, waar hij vanaf zijn 10e zijn vader heeft geholpen in de bouw; van appartementsgebouwen, vrijstaande woningen, meubels tot een eigen zeilboot. Hij woont sinds 2015 in Nederland, is getrouwd met een Nederlandse vrouw en heeft 2 dochtertjes.<\/p>\n<p>Yal\u00e7\u0131n heeft 2 Masters behaald; in Industrial Engineering (Technische Bedrijfskunde) aan de Istanbul University en Engineering Technology aan de Katholieke Universiteit Leuven in Belgi\u00eb. Hij heeft voor grote internationale bedrijven gewerkt in Belgi\u00eb en Nederland, zoals Pfizer, Nike &amp; GrandVision, waar hij verantwoordelijk was voor de planning, productie en inkoop van materialen. Al snel werd duidelijk dat zijn duurzame opvattingen niet matchten met de doelstellingen van deze grote corporaties, en dat hij zijn tijd liever besteedde aan zijn passie: bouwen, meubels maken en houtbewerking. Nadat hij zijn eigen woning volledig had gestript en gerenoveerd, besloot hij zijn hart te volgen en richtte zijn eigen bouwbedrijf op in 2020. De eerste 2 jaar heeft hij 45 projecten succesvol opgeleverd.<\/p>\n\n\t\t<\/div>\n\t<\/div>\n<\/div><\/div><\/div><div class=\"wpb_column vc_column_container vc_col-sm-6\"><div class=\"vc_column-inner\"><div class=\"wpb_wrapper\"><div class=\"ult-spacer spacer-69e47b6aa9386\" data-id=\"69e47b6aa9386\" data-height=\"35\" data-height-mobile=\"35\" data-height-tab=\"35\" data-height-tab-portrait=\"\" data-height-mobile-landscape=\"25\" style=\"clear:both;display:block;\"><\/div>\n\t<div  class=\"wpb_single_image wpb_content_element vc_align_center  wpb_animate_when_almost_visible wpb_fadeIn fadeIn\">\n\t\t\n\t\t<figure class=\"wpb_wrapper vc_figure\">\n\t\t\t<div class=\"vc_single_image-wrapper   vc_box_border_grey\"><img loading=\"lazy\" decoding=\"async\" class=\"vc_single_image-img\" src=\"https:\/\/atelierartim.nl\/wp-content\/uploads\/2022\/10\/IMG_7938-scaled-350x500.jpg\" width=\"350\" height=\"500\" alt=\"YALCIN ARTIM\" title=\"YALCIN ARTIM\" \/><\/div>\n\t\t<\/figure>\n\t<\/div>\n<\/div><\/div><\/div><\/div>","protected":false},"excerpt":{"rendered":"WAT WE DOEN Atelier Artim | Eco Bouw staat voor de nieuwe manier van (ver)bouwen; duurzaam, groen, en toekomstgericht. Modern comfort met [...]","protected":false},"author":1,"featured_media":0,"parent":0,"menu_order":0,"comment_status":"closed","ping_status":"closed","template":"","meta":{"footnotes":""},"class_list":["post-2377","page","type-page","status-publish","hentry"],"yoast_head":"<!-- This site is optimized with the Yoast SEO plugin v27.3 - https:\/\/yoast.com\/product\/yoast-seo-wordpress\/ -->\n<title>Over ons &#8211; Atelier Artim | Eco Design<\/title>\n<meta name=\"description\" content=\"Atelier Artim | Eco Bouw staat voor de nieuwe manier van (ver)bouwen; duurzaam, groen, en toekomstgericht. Modern comfort met een groene footprint. Ecologisch en biobased.\" \/>\n<meta name=\"robots\" content=\"index, follow, max-snippet:-1, max-image-preview:large, max-video-preview:-1\" \/>\n<link rel=\"canonical\" href=\"https:\/\/atelierartim.nl\/en\/overons\/\" \/>\n<meta property=\"og:locale\" content=\"en_US\" \/>\n<meta property=\"og:type\" content=\"article\" \/>\n<meta property=\"og:title\" content=\"Over ons &#8211; Atelier Artim | Eco Design\" \/>\n<meta property=\"og:description\" content=\"Atelier Artim | Eco Bouw staat voor de nieuwe manier van (ver)bouwen; duurzaam, groen, en toekomstgericht. Modern comfort met een groene footprint. Ecologisch en biobased.\" \/>\n<meta property=\"og:url\" content=\"https:\/\/atelierartim.nl\/en\/overons\/\" \/>\n<meta property=\"og:site_name\" content=\"Atelier Artim | Eco Design\" \/>\n<meta property=\"article:modified_time\" content=\"2022-10-11T12:54:57+00:00\" \/>\n<meta name=\"twitter:card\" content=\"summary_large_image\" \/>\n<meta name=\"twitter:label1\" content=\"Est. reading time\" \/>\n\t<meta name=\"twitter:data1\" content=\"2 minutes\" \/>\n<script type=\"application\/ld+json\" class=\"yoast-schema-graph\">{\"@context\":\"https:\\\/\\\/schema.org\",\"@graph\":[{\"@type\":\"WebPage\",\"@id\":\"https:\\\/\\\/atelierartim.nl\\\/overons\\\/\",\"url\":\"https:\\\/\\\/atelierartim.nl\\\/overons\\\/\",\"name\":\"Over ons &#8211; Atelier Artim | Eco Design\",\"isPartOf\":{\"@id\":\"https:\\\/\\\/atelierartim.nl\\\/en\\\/#website\"},\"datePublished\":\"2017-04-18T03:08:03+00:00\",\"dateModified\":\"2022-10-11T12:54:57+00:00\",\"description\":\"Atelier Artim | Eco Bouw staat voor de nieuwe manier van (ver)bouwen; duurzaam, groen, en toekomstgericht. Modern comfort met een groene footprint. Ecologisch en biobased.\",\"breadcrumb\":{\"@id\":\"https:\\\/\\\/atelierartim.nl\\\/overons\\\/#breadcrumb\"},\"inLanguage\":\"en-US\",\"potentialAction\":[{\"@type\":\"ReadAction\",\"target\":[\"https:\\\/\\\/atelierartim.nl\\\/overons\\\/\"]}]},{\"@type\":\"BreadcrumbList\",\"@id\":\"https:\\\/\\\/atelierartim.nl\\\/overons\\\/#breadcrumb\",\"itemListElement\":[{\"@type\":\"ListItem\",\"position\":1,\"name\":\"Home\",\"item\":\"https:\\\/\\\/atelierartim.nl\\\/\"},{\"@type\":\"ListItem\",\"position\":2,\"name\":\"Over ons\"}]},{\"@type\":\"WebSite\",\"@id\":\"https:\\\/\\\/atelierartim.nl\\\/en\\\/#website\",\"url\":\"https:\\\/\\\/atelierartim.nl\\\/en\\\/\",\"name\":\"Atelier Artim | Eco Design\",\"description\":\"Atelier Artim is een design atelier gericht op het ontwerpen en ontwikkelen van duurzaam woongenot. Een voorvechter van het &#039;nieuwe maken &amp; bouwen\u2019, met een maatschappelijke en ecologische focus. \",\"publisher\":{\"@id\":\"https:\\\/\\\/atelierartim.nl\\\/en\\\/#organization\"},\"potentialAction\":[{\"@type\":\"SearchAction\",\"target\":{\"@type\":\"EntryPoint\",\"urlTemplate\":\"https:\\\/\\\/atelierartim.nl\\\/en\\\/?s={search_term_string}\"},\"query-input\":{\"@type\":\"PropertyValueSpecification\",\"valueRequired\":true,\"valueName\":\"search_term_string\"}}],\"inLanguage\":\"en-US\"},{\"@type\":\"Organization\",\"@id\":\"https:\\\/\\\/atelierartim.nl\\\/en\\\/#organization\",\"name\":\"Atelier Artim | Eco Bouw\",\"url\":\"https:\\\/\\\/atelierartim.nl\\\/en\\\/\",\"logo\":{\"@type\":\"ImageObject\",\"inLanguage\":\"en-US\",\"@id\":\"https:\\\/\\\/atelierartim.nl\\\/en\\\/#\\\/schema\\\/logo\\\/image\\\/\",\"url\":\"\",\"contentUrl\":\"\",\"caption\":\"Atelier Artim | Eco Bouw\"},\"image\":{\"@id\":\"https:\\\/\\\/atelierartim.nl\\\/en\\\/#\\\/schema\\\/logo\\\/image\\\/\"}}]}<\/script>\n<!-- \/ Yoast SEO plugin. -->","yoast_head_json":{"title":"Over ons &#8211; Atelier Artim | Eco Design","description":"Atelier Artim | Eco Bouw staat voor de nieuwe manier van (ver)bouwen; duurzaam, groen, en toekomstgericht. Modern comfort met een groene footprint. Ecologisch en biobased.","robots":{"index":"index","follow":"follow","max-snippet":"max-snippet:-1","max-image-preview":"max-image-preview:large","max-video-preview":"max-video-preview:-1"},"canonical":"https:\/\/atelierartim.nl\/en\/overons\/","og_locale":"en_US","og_type":"article","og_title":"Over ons &#8211; Atelier Artim | Eco Design","og_description":"Atelier Artim | Eco Bouw staat voor de nieuwe manier van (ver)bouwen; duurzaam, groen, en toekomstgericht. Modern comfort met een groene footprint. Ecologisch en biobased.","og_url":"https:\/\/atelierartim.nl\/en\/overons\/","og_site_name":"Atelier Artim | Eco Design","article_modified_time":"2022-10-11T12:54:57+00:00","twitter_card":"summary_large_image","twitter_misc":{"Est. reading time":"2 minutes"},"schema":{"@context":"https:\/\/schema.org","@graph":[{"@type":"WebPage","@id":"https:\/\/atelierartim.nl\/overons\/","url":"https:\/\/atelierartim.nl\/overons\/","name":"Over ons &#8211; Atelier Artim | Eco Design","isPartOf":{"@id":"https:\/\/atelierartim.nl\/en\/#website"},"datePublished":"2017-04-18T03:08:03+00:00","dateModified":"2022-10-11T12:54:57+00:00","description":"Atelier Artim | Eco Bouw staat voor de nieuwe manier van (ver)bouwen; duurzaam, groen, en toekomstgericht. Modern comfort met een groene footprint. Ecologisch en biobased.","breadcrumb":{"@id":"https:\/\/atelierartim.nl\/overons\/#breadcrumb"},"inLanguage":"en-US","potentialAction":[{"@type":"ReadAction","target":["https:\/\/atelierartim.nl\/overons\/"]}]},{"@type":"BreadcrumbList","@id":"https:\/\/atelierartim.nl\/overons\/#breadcrumb","itemListElement":[{"@type":"ListItem","position":1,"name":"Home","item":"https:\/\/atelierartim.nl\/"},{"@type":"ListItem","position":2,"name":"Over ons"}]},{"@type":"WebSite","@id":"https:\/\/atelierartim.nl\/en\/#website","url":"https:\/\/atelierartim.nl\/en\/","name":"Atelier Artim | Eco Design","description":"Atelier Artim is een design atelier gericht op het ontwerpen en ontwikkelen van duurzaam woongenot. Een voorvechter van het &#039;nieuwe maken &amp; bouwen\u2019, met een maatschappelijke en ecologische focus.","publisher":{"@id":"https:\/\/atelierartim.nl\/en\/#organization"},"potentialAction":[{"@type":"SearchAction","target":{"@type":"EntryPoint","urlTemplate":"https:\/\/atelierartim.nl\/en\/?s={search_term_string}"},"query-input":{"@type":"PropertyValueSpecification","valueRequired":true,"valueName":"search_term_string"}}],"inLanguage":"en-US"},{"@type":"Organization","@id":"https:\/\/atelierartim.nl\/en\/#organization","name":"Atelier Artim | Eco Bouw","url":"https:\/\/atelierartim.nl\/en\/","logo":{"@type":"ImageObject","inLanguage":"en-US","@id":"https:\/\/atelierartim.nl\/en\/#\/schema\/logo\/image\/","url":"","contentUrl":"","caption":"Atelier Artim | Eco Bouw"},"image":{"@id":"https:\/\/atelierartim.nl\/en\/#\/schema\/logo\/image\/"}}]}},"_links":{"self":[{"href":"https:\/\/atelierartim.nl\/en\/wp-json\/wp\/v2\/pages\/2377","targetHints":{"allow":["GET"]}}],"collection":[{"href":"https:\/\/atelierartim.nl\/en\/wp-json\/wp\/v2\/pages"}],"about":[{"href":"https:\/\/atelierartim.nl\/en\/wp-json\/wp\/v2\/types\/page"}],"author":[{"embeddable":true,"href":"https:\/\/atelierartim.nl\/en\/wp-json\/wp\/v2\/users\/1"}],"replies":[{"embeddable":true,"href":"https:\/\/atelierartim.nl\/en\/wp-json\/wp\/v2\/comments?post=2377"}],"version-history":[{"count":165,"href":"https:\/\/atelierartim.nl\/en\/wp-json\/wp\/v2\/pages\/2377\/revisions"}],"predecessor-version":[{"id":3964,"href":"https:\/\/atelierartim.nl\/en\/wp-json\/wp\/v2\/pages\/2377\/revisions\/3964"}],"wp:attachment":[{"href":"https:\/\/atelierartim.nl\/en\/wp-json\/wp\/v2\/media?parent=2377"}],"curies":[{"name":"wp","href":"https:\/\/api.w.org\/{rel}","templated":true}]}}